{"id":688,"date":"2022-05-18T15:22:59","date_gmt":"2022-05-18T15:22:59","guid":{"rendered":"https:\/\/skif-slo.org\/new\/?page_id=688"},"modified":"2023-05-13T13:36:00","modified_gmt":"2023-05-13T13:36:00","slug":"688-2","status":"publish","type":"page","link":"https:\/\/skif-slo.org\/new\/688-2\/","title":{"rendered":"Shihan"},"content":{"rendered":"<p>[et_pb_section fb_built=&#8221;1&#8243; _builder_version=&#8221;4.17.3&#8243; _module_preset=&#8221;default&#8221; global_colors_info=&#8221;{}&#8221;][et_pb_row column_structure=&#8221;3_5,2_5&#8243; _builder_version=&#8221;4.17.3&#8243; _module_preset=&#8221;default&#8221; global_colors_info=&#8221;{}&#8221;][et_pb_column type=&#8221;3_5&#8243; _builder_version=&#8221;4.17.3&#8243; _module_preset=&#8221;default&#8221; global_colors_info=&#8221;{}&#8221;][et_pb_text _builder_version=&#8221;4.17.3&#8243; _module_preset=&#8221;default&#8221; global_colors_info=&#8221;{}&#8221;]<\/p>\n<h3>\u201cShihan\u201d Ivan \u010ceri\u010d 8. Dan Hanshi<\/h3>\n<p>[\/et_pb_text][et_pb_text _builder_version=&#8221;4.17.3&#8243; _module_preset=&#8221;default&#8221; hover_enabled=&#8221;0&#8243; global_colors_info=&#8221;{}&#8221; sticky_enabled=&#8221;0&#8243;]<\/p>\n<p>je v Slovenskem in mednarodnem Karate-Do prizori\u0161\u010du \u017ee zelo dolgo aktivno prisoten. Borilni \u0161port aktivno goji vse od leta 1969 &#8211; do danes. Z zelo natan\u010dnim in konstruktivnim pristopom je promoviral in vzgojil veliko odli\u010dnih \u0161portnikov. Evropske in svetovne medalje so njegov optimum potrdile.<\/p>\n<p>Ivan \u010ceri\u010d, je v Karate-Do vpeljal sistem, ki zagotavlja uspeh in nas prepri\u010dal, da je poleg talenta pomembno delo in nenehno usposabljanje. Zelo malo je tako izku\u0161enih in\u0161truktorjev, vodij, trenerjev. \u0160tudentje \u2013 \u0161portniki so z njim prepotovali ves svet. Vadijo in tekmujejo v najve\u010djih svetovnih prestolnicah. In kar je najpomembnej\u0161e, domov nosijo medalje in zadovoljstvo.<\/p>\n<p><a href=\"https:\/\/www.youtube.com\/watch?v=dzDgVXjaCDc\">Intervju Ivan \u010ceri\u010d \u2013 8. Dan Hanshi<\/a><\/p>\n<p>[\/et_pb_text][\/et_pb_column][et_pb_column type=&#8221;2_5&#8243; _builder_version=&#8221;4.17.3&#8243; _module_preset=&#8221;default&#8221; global_colors_info=&#8221;{}&#8221;][et_pb_image src=&#8221;http:\/\/skif-slo.org\/new\/wp-content\/uploads\/2022\/05\/IMG_4830.jpg&#8221; title_text=&#8221;IMG_4830&#8243; _builder_version=&#8221;4.17.3&#8243; _module_preset=&#8221;default&#8221; global_colors_info=&#8221;{}&#8221;][\/et_pb_image][\/et_pb_column][\/et_pb_row][\/et_pb_section]<\/p>\n","protected":false},"excerpt":{"rendered":"<p>\u201cShihan\u201d Ivan \u010ceri\u010d 8. Dan Hanshije v Slovenskem in mednarodnem Karate-Do prizori\u0161\u010du \u017ee zelo dolgo aktivno prisoten. Borilni \u0161port aktivno goji vse od leta 1969 &#8211; do danes. Z zelo natan\u010dnim in konstruktivnim pristopom je promoviral in vzgojil veliko odli\u010dnih \u0161portnikov. Evropske in svetovne medalje so njegov optimum potrdile. Ivan \u010ceri\u010d, je v Karate-Do vpeljal [&hellip;]<\/p>\n","protected":false},"author":1,"featured_media":0,"parent":0,"menu_order":0,"comment_status":"closed","ping_status":"closed","template":"","meta":{"_et_pb_use_builder":"on","_et_pb_old_content":"","_et_gb_content_width":"","footnotes":""},"class_list":["post-688","page","type-page","status-publish","hentry"],"_links":{"self":[{"href":"https:\/\/skif-slo.org\/new\/wp-json\/wp\/v2\/pages\/688","targetHints":{"allow":["GET"]}}],"collection":[{"href":"https:\/\/skif-slo.org\/new\/wp-json\/wp\/v2\/pages"}],"about":[{"href":"https:\/\/skif-slo.org\/new\/wp-json\/wp\/v2\/types\/page"}],"author":[{"embeddable":true,"href":"https:\/\/skif-slo.org\/new\/wp-json\/wp\/v2\/users\/1"}],"replies":[{"embeddable":true,"href":"https:\/\/skif-slo.org\/new\/wp-json\/wp\/v2\/comments?post=688"}],"version-history":[{"count":4,"href":"https:\/\/skif-slo.org\/new\/wp-json\/wp\/v2\/pages\/688\/revisions"}],"predecessor-version":[{"id":1167,"href":"https:\/\/skif-slo.org\/new\/wp-json\/wp\/v2\/pages\/688\/revisions\/1167"}],"wp:attachment":[{"href":"https:\/\/skif-slo.org\/new\/wp-json\/wp\/v2\/media?parent=688"}],"curies":[{"name":"wp","href":"https:\/\/api.w.org\/{rel}","templated":true}]}}