{"id":1754,"date":"2024-04-16T18:18:05","date_gmt":"2024-04-16T18:18:05","guid":{"rendered":"https:\/\/skif-slo.org\/new\/?page_id=1754"},"modified":"2024-04-16T18:30:29","modified_gmt":"2024-04-16T18:30:29","slug":"1754-2","status":"publish","type":"page","link":"https:\/\/skif-slo.org\/new\/1754-2\/","title":{"rendered":"Karate-Do, v de\u017eeli vzhajajo\u010dega sonca"},"content":{"rendered":"\n[et_pb_section fb_built=&#8221;1&#8243; _builder_version=&#8221;4.17.3&#8243; _module_preset=&#8221;default&#8221; global_colors_info=&#8221;{}&#8221; theme_builder_area=&#8221;post_content&#8221;][et_pb_row _builder_version=&#8221;4.17.3&#8243; _module_preset=&#8221;default&#8221; hover_enabled=&#8221;0&#8243; global_colors_info=&#8221;{}&#8221; column_structure=&#8221;2_3,1_3&#8243; theme_builder_area=&#8221;post_content&#8221; sticky_enabled=&#8221;0&#8243;][et_pb_column type=&#8221;2_3&#8243; _builder_version=&#8221;4.17.3&#8243; _module_preset=&#8221;default&#8221; global_colors_info=&#8221;{}&#8221; theme_builder_area=&#8221;post_content&#8221;][et_pb_text _builder_version=&#8221;4.23.1&#8243; _module_preset=&#8221;default&#8221; hover_enabled=&#8221;0&#8243; global_colors_info=&#8221;{}&#8221; theme_builder_area=&#8221;post_content&#8221; sticky_enabled=&#8221;0&#8243;]<h2 style=\"font-weight: 400; text-align: justify;\"><span>Karate-Do, v de\u017eeli vzhajajo\u010dega sonca<\/span><\/h2>\n<p style=\"text-align: justify;\"><span><\/span><\/p>\n<p style=\"text-align: justify;\">Za \u010dlane Internacionalne Shotokan Karate-Do zveze Slovenije, se spodobi, da vsaj enkrat letno obi\u0161\u010dejo svetovno centralno sredi\u0161\u010de svoje dejavnosti.\u00a0 Vsesvetovni shod, po na\u0161e seminar, privabi smetano svetovnega karateja, vseh starosti.<\/p>\n<p style=\"text-align: justify;\">Kdo si ne \u017eeli vsaj enkrat v \u017eivljenju sodelovati in vaditi skupaj s prvaki karate-doja, prvaki v pravem smislu besede, saj v de\u017eeli kateri smo bili, od 25. 3. \u2013 5. 4. 2024, karate in tudi druge priznane borilne \u0161porte vadijo in preu\u010dujejo univerzitetno, zelo intenzivno in v duhu tradicije, njihove kulture. Red, disciplina, spo\u0161tovanje, je tam nekaj zavestno samoumevnega.<\/p>\n<p style=\"text-align: justify;\">Odhod v Tokio, Japonska, je v prvi vrsti vedno vznemirljivo navdihujo\u010da destinacija, posebno spomladi, ko cvetijo \u010de\u0161nje, ta \u010das je kot nekak\u0161no bo\u017eanstvo mladosti in temu se z veliko vnemo in praznovanji na odprtem, pod drevesi doma\u010dini in povabljenci dru\u017eijo in veselijo.<\/p>\n<p style=\"text-align: justify;\">Na\u0161e namensko potovanje, se zdru\u017euje z vadbo, u\u010denjem, spoznavanjem nekaj novega, dru\u017eenjem in v veliki meri spoznavanjem azijske, japonske kulture in veliko pogledov je \u010dloveku, ki se ukvarja z japonskim karatejem, postane bolj jasno.<\/p>\n<p style=\"text-align: justify;\">Zakaj je tako pomembno dihanje, rotacija, mehkoba, premikanje, dinamika, kje so bistvene to\u010dke dojemanja filozofije, ki ta \u0161port \u2013 ve\u0161\u010dino naredi tako uspe\u0161no in zavito v \u010darobnost. Vsekakor je potrebno takoj lo\u010diti med nakazovanjem in resni\u010dnim prakti\u010dno delujo\u010dim karatejem, ki vsebuje vse prvine klasi\u010dne fizike v povezavi z biopsihologijo.<\/p>\n<p style=\"text-align: justify;\">Po uspe\u0161nem avio vkrcanju v Budimpe\u0161ti, pristanku v Pekingu, nas je zra\u010dna pot ponesla na letali\u0161\u010de v Narito, Tokio. \u0160est \u010dlanska slovenska SKIF zasedba s tremi prekaljenimi ma\u010dki, ki so to\u010dno vedeli, kaj pri\u010dakujejo, <strong>Shihan Ivan \u010ceri\u010d 8.Dan Hanshi, Sensei Darjan Ro\u0161ker 7.Dan Renshi, Sensei Lovrenc Kokalj 6.Dan Renshi<\/strong> in trije, prvi\u010d na tak\u0161ni preizku\u0161nji, <strong>Bla\u017e Robi\u010d 3.Dan, Clarisa Ro\u0161ker \u0161e 2.Dan, Bo\u0161tjan Grah 2.Dan<\/strong>, je pri\u010dela obisk, ki si ga je nadvse \u017eelela.<strong> Gospodi\u010dna Clarisa je po seminarju uspe\u0161no opravila izpit za 3.Dan.<\/strong><\/p>\n<p style=\"text-align: justify;\">Mesto Kamata, je \u017ee kar nekaj let sredi\u0161\u010de nastanitve udele\u017eencev Internacionalnega karate seminarja in odli\u010dno izhodi\u0161\u010de za vse smeri v Tokiu. Po prvi prespani no\u010di, nas je \u017eelezna pot peljala v Kito Kamakuro, tempelj, ki je mo\u010dno povezan s karatejem in nasplo\u0161no z borilnimi ve\u0161\u010dinami.<br \/><br \/>V pre\u010dudovitem tempeljskem kompleksu, ki je vsem ve\u010djim slovenskim poznavalcem budo ve\u0161\u010din, zelo poznan, je nagrobnik Senseia Funakoshi Gichina, o\u010deta modernega karateja in \u010dloveka, ki je tej zvrsti bojevanja dal ime Karate, kateri se sedaj hote ali nehote preoblikuje na vse mo\u017ene na\u010dine \u0161porta, a ve\u0161\u010dina ostaja, realno prakti\u010dna, za kar nedvomno skrbijo na uradnih univerzah \u0161irom japonske. Na levi strani vhoda tradicionalno vadijo lokostrelci, Kyudo, kar pomeni pot loka. Prava umetnost koncentracije. O\u010dem karateista to ne more ostati neopa\u017eeno. Park-tempelj zenbudizma zdru\u017euje neverjetno stare, lesene ohranjene stavbe, ki ima vsaka po sebi svoj edinstven pomen. Resni\u010dno lepo in pou\u010dno tudi iz perspektive samodiscipline in du\u0161evnega miru.<\/p>\n<p style=\"text-align: justify;\">Samo postajo nazaj in \u017ee smo bili v Kamakuri, ki je poznana po ogromnem kipu Bude. \u010cas cveto\u010dih \u010de\u0161enj daje obisku \u0161e ve\u010dji pomen in gne\u010da na prizori\u0161\u010du je bila razumljiva. Z umirjenostjo smo po enoletnem premoru obkro\u017eili vsemogo\u010dno sede\u010dega predstavnika odli\u010dnih nasvetov in modrosti.<\/p>\n<p style=\"text-align: justify;\">Drugi dan smo se razveselili specialnega treninga v SKIF centralnem Doju v Kugahari. Resni\u010dno specialno sta dvourni trening vodila najvi\u0161ja predstavnika svetovne federacije, ki izmeni\u010dno prihajata tudi letno v Slovenijo, Kancho \u2013 predsednik Nobuaki Kanazawa 8.Dan in Shuseki Shihan &#8211; glavni in\u0161truktor sveta Manabu Murakami 8.Dan. Specialni trening je organiziralo zdru\u017eenje SKIF Yudansha-Kai, zdru\u017eenje svetovnih mojstrov. Na treningu je sodelovalo natanko 20 izbranih mojstrov, med katerimi so bili tudi slovenski mojstri, \u010ceri\u010d, Ro\u0161ker, Kokalj.<\/p>\n<p style=\"text-align: justify;\">Po uspe\u0161nem opravljenem prvem stiku v Honbu Doju, se je pri\u010del trodnevni seminar, katerega so vodili vsi glavni delujo\u010di in\u0161truktorji centralnega Doja v Kugahari. SKIF svetovni seminar je potekal v \u0161portnem centru Omori honcho, Ota city, Tokio. V imenu vseh slovenskih udele\u017eencev povem, das mo izredno u\u017eivali ob zanimivih pristopih in temah. Vsakdo si je po postavljenem programu lahko izbral skupino v kateri je vadil. Kljub \u017ee ne\u0161tetokrat pretrenirani tehniki, vedno kaj novega, kaj v druga\u010dni izvedbi in na druga\u010den na\u010din. Neverjetno.<\/p>\n<p style=\"text-align: justify;\">Sam sem se izredno razveselil, koliko mladih se je tokrat udele\u017eilo vadbe in verjetno je klju\u010d temu, da so starej\u0161i priznani in\u0161truktorji pustili v ospredju delati tudi mlaj\u0161im. Tukaj moram nedvomno omeniti gospodi\u010dno Sensei Hiyori Kanazawa, ki je skupaj s pri\u0161lekom iz Evrope Sensei Poulom Huglom, sedaj \u017eive\u010dim v Tokiu, potegnila mladino, ki se uspe\u0161no potrjuje. Gospodi\u010dna Hiyori je iz Kanazawaine rodbine in ima nedvomno ogromen osebnostni potencial v svetu karate-do ja. Za\u010dutil sem, \u010dudovito kvalitetno prihodnost karateja.<\/p>\n<p style=\"text-align: justify;\">Kancho Nobuaki Kanazawa, najstarej\u0161i sin mojstra in svetovne legende karateja, je naravnost dominanten v izvedbah. Njegov karate je tako oblikovno kot ru\u0161ilno enostavno neustavljiv. Shuseki Shihan Murakami, izbrani mojster Soke Kanazawe, predstavlja neverjetno enostavne izpeljanke a tudi najve\u010djim mojstrom je te\u0161ko. Pravi mo\u017egani SKIF karateja. Sensei Tanaka, Suzuki, Daizo Kanazawa, Fumitoshi Kanazawa, Sensei Hiyori, Huglo in \u0161e nekaj mladih in\u0161truktorjev, nam je priredilo pravi spektakel. Prikazali so nam, da se da dru\u017eno in skupaj, veliko narediti in, da ne gre ni\u010d v pozabo. Shihan Rikuta Koga 9.Dan \u0160vica in Hanshi Hiroshi Ishikawa 9.Dan SKIF Mexiko in Venezuela, sta kot gosta pripravila fantasti\u010dne treninge. Vsakodnevno, po seminarju je potekal sodni\u0161koin\u0161truktorski seminar, tako, da je bil vsak dan resni\u010dno zaseden do potakonsti.<\/p>\n<p style=\"text-align: justify;\">Ponedeljek, \u010das po seminarju, je bil \u010das za dru\u017eenje in praznik \u010de\u0161enj je bil kot nala\u0161\u010d za Hanami. Ime Hanami se da razlo\u017eiti, kot piknik pod drevesnimi nasadi \u010de\u0161enj, Sakurami. Imenitno dru\u017eenje in \u0161e podplati z \u017eulji so po\u010divali.<\/p>\n<p style=\"text-align: justify;\">Dva prosta dneva smo izkoristili za razgled drugih mest Tokia. Skupno smo si ogledali predel v katerem je dom cesarja Japonske. Prelepo hortikulturno urejen prostor s parkom. V nadaljevanju so nekateri obiskali mesto Jokohama itd. Hitro je minil obisk in vadba karateja v Tokiu, a drugo leto zopet vabi in nekateri smo tradicionalno zagotovo tam, med prijatelji. Kak\u0161en red in disciplina. Infrastrukturno popolnoma drug svet.<\/p>\n<p style=\"text-align: justify;\">Oss! Lovrenc Kokalj<br \/>Lep pozdrav vsem, ki bodo to prebrali.<\/p>[\/et_pb_text][\/et_pb_column][et_pb_column type=&#8221;1_3&#8243; _builder_version=&#8221;4.17.3&#8243; _module_preset=&#8221;default&#8221; global_colors_info=&#8221;{}&#8221; theme_builder_area=&#8221;post_content&#8221;][et_pb_image src=&#8221;http:\/\/skif-slo.org\/new\/wp-content\/uploads\/2024\/04\/6546ECCB-7EEB-4FEF-8845-28A9C9EDA4F5-scaled.jpeg&#8221; _builder_version=&#8221;4.23.1&#8243; _module_preset=&#8221;default&#8221; theme_builder_area=&#8221;post_content&#8221; title_text=&#8221;6546ECCB-7EEB-4FEF-8845-28A9C9EDA4F5&#8243; hover_enabled=&#8221;0&#8243; sticky_enabled=&#8221;0&#8243;][\/et_pb_image][et_pb_image src=&#8221;http:\/\/skif-slo.org\/new\/wp-content\/uploads\/2024\/04\/1bbe7c8a-ec29-4b67-b59c-f4c0aad2aad8.jpg&#8221; _builder_version=&#8221;4.23.1&#8243; _module_preset=&#8221;default&#8221; theme_builder_area=&#8221;post_content&#8221; title_text=&#8221;1bbe7c8a-ec29-4b67-b59c-f4c0aad2aad8&#8243; hover_enabled=&#8221;0&#8243; sticky_enabled=&#8221;0&#8243; module_alignment=&#8221;left&#8221; force_fullwidth=&#8221;on&#8221;][\/et_pb_image][et_pb_image src=&#8221;http:\/\/skif-slo.org\/new\/wp-content\/uploads\/2024\/04\/Karate-Do-v-dezeli-vzhajajocega-sonca-2.jpg&#8221; _builder_version=&#8221;4.23.1&#8243; _module_preset=&#8221;default&#8221; theme_builder_area=&#8221;post_content&#8221; title_text=&#8221;Karate-Do-v-dezeli-vzhajajocega-sonca-2&#8243; hover_enabled=&#8221;0&#8243; sticky_enabled=&#8221;0&#8243;][\/et_pb_image][et_pb_image src=&#8221;http:\/\/skif-slo.org\/new\/wp-content\/uploads\/2024\/04\/Karate-Do-v-dezeli-vzhajajocega-sonca-3.jpg&#8221; _builder_version=&#8221;4.23.1&#8243; _module_preset=&#8221;default&#8221; theme_builder_area=&#8221;post_content&#8221; title_text=&#8221;Karate-Do-v-dezeli-vzhajajocega-sonca-3&#8243; hover_enabled=&#8221;0&#8243; sticky_enabled=&#8221;0&#8243; module_alignment=&#8221;left&#8221; force_fullwidth=&#8221;on&#8221;][\/et_pb_image][et_pb_image src=&#8221;http:\/\/skif-slo.org\/new\/wp-content\/uploads\/2024\/04\/Karate-Do-v-dezeli-vzhajajocega-sonca-1.jpeg&#8221; _builder_version=&#8221;4.23.1&#8243; _module_preset=&#8221;default&#8221; theme_builder_area=&#8221;post_content&#8221; title_text=&#8221;Karate-Do-v-dezeli-vzhajajocega-sonca-1&#8243; hover_enabled=&#8221;0&#8243; sticky_enabled=&#8221;0&#8243; module_alignment=&#8221;left&#8221; force_fullwidth=&#8221;on&#8221;][\/et_pb_image][et_pb_image src=&#8221;http:\/\/skif-slo.org\/new\/wp-content\/uploads\/2024\/04\/Karate-Do-v-dezeli-vzhajajocega-sonca-4.jpg&#8221; _builder_version=&#8221;4.23.1&#8243; _module_preset=&#8221;default&#8221; theme_builder_area=&#8221;post_content&#8221; title_text=&#8221;Karate-Do-v-dezeli-vzhajajocega-sonca-4&#8243; hover_enabled=&#8221;0&#8243; sticky_enabled=&#8221;0&#8243; module_alignment=&#8221;left&#8221; force_fullwidth=&#8221;on&#8221;][\/et_pb_image][\/et_pb_column][\/et_pb_row][\/et_pb_section]\n","protected":false},"excerpt":{"rendered":"<p>Karate-Do, v de\u017eeli vzhajajo\u010dega sonca Za \u010dlane Internacionalne Shotokan Karate-Do zveze Slovenije, se spodobi, da vsaj enkrat letno obi\u0161\u010dejo svetovno centralno sredi\u0161\u010de svoje dejavnosti.\u00a0 Vsesvetovni shod, po na\u0161e seminar, privabi smetano svetovnega karateja, vseh starosti. Kdo si ne \u017eeli vsaj enkrat v \u017eivljenju sodelovati in vaditi skupaj s prvaki karate-doja, prvaki v pravem smislu besede, [&hellip;]<\/p>\n","protected":false},"author":1,"featured_media":0,"parent":0,"menu_order":0,"comment_status":"closed","ping_status":"closed","template":"","meta":{"_et_pb_use_builder":"on","_et_pb_old_content":"","_et_gb_content_width":"","footnotes":""},"class_list":["post-1754","page","type-page","status-publish","hentry"],"_links":{"self":[{"href":"https:\/\/skif-slo.org\/new\/wp-json\/wp\/v2\/pages\/1754","targetHints":{"allow":["GET"]}}],"collection":[{"href":"https:\/\/skif-slo.org\/new\/wp-json\/wp\/v2\/pages"}],"about":[{"href":"https:\/\/skif-slo.org\/new\/wp-json\/wp\/v2\/types\/page"}],"author":[{"embeddable":true,"href":"https:\/\/skif-slo.org\/new\/wp-json\/wp\/v2\/users\/1"}],"replies":[{"embeddable":true,"href":"https:\/\/skif-slo.org\/new\/wp-json\/wp\/v2\/comments?post=1754"}],"version-history":[{"count":4,"href":"https:\/\/skif-slo.org\/new\/wp-json\/wp\/v2\/pages\/1754\/revisions"}],"predecessor-version":[{"id":1769,"href":"https:\/\/skif-slo.org\/new\/wp-json\/wp\/v2\/pages\/1754\/revisions\/1769"}],"wp:attachment":[{"href":"https:\/\/skif-slo.org\/new\/wp-json\/wp\/v2\/media?parent=1754"}],"curies":[{"name":"wp","href":"https:\/\/api.w.org\/{rel}","templated":true}]}}