{"id":1445,"date":"2024-01-14T20:56:44","date_gmt":"2024-01-14T20:56:44","guid":{"rendered":"http:\/\/skif-slo.org\/new\/?page_id=1445"},"modified":"2026-01-05T16:13:44","modified_gmt":"2026-01-05T16:13:44","slug":"instruktorji","status":"publish","type":"page","link":"https:\/\/skif-slo.org\/new\/instruktorji\/","title":{"rendered":"In\u0161truktorji"},"content":{"rendered":"<p>[et_pb_section fb_built=&#8221;1&#8243; _builder_version=&#8221;4.17.3&#8243; _module_preset=&#8221;default&#8221; global_colors_info=&#8221;{}&#8221;][et_pb_row _builder_version=&#8221;4.17.3&#8243; _module_preset=&#8221;default&#8221; global_colors_info=&#8221;{}&#8221;][et_pb_column type=&#8221;4_4&#8243; _builder_version=&#8221;4.17.3&#8243; _module_preset=&#8221;default&#8221; global_colors_info=&#8221;{}&#8221;][et_pb_text _builder_version=&#8221;4.27.4&#8243; _module_preset=&#8221;default&#8221; global_colors_info=&#8221;{}&#8221;]<\/p>\n<p>Na osnovi\u00a0 programa izobra\u017eevanj strokovnih kadrov SKIF zveze Slovenije za leto 2025 <strong>smo \u00a0dne 06.12.<\/strong> <strong>2025 na 32. SKIF\u00a0 pokalu Kuzma 2025<\/strong>, zaklju\u010dili z prakti\u010dnimi izpiti za licence SKIF in\u0161truktor in tehni\u010dni \u00a0vodja ekipe kluba. Glede na celotno aktivnost in\u0161truktorjev po vseh klubih zveze in \u00a0potrebe po \u00a0tehni\u010dnih vodij ekip klubov smo v letu 2025 v ta namen temeljito organizirali seminarje in izpite za vse strokovne kadre. Vsi kandidati na zapisniku\u00a0 so aktivno sodelovali v programih SKIF zveze Slovenije in si tako z pismenimi in prakti\u010dnimi izpiti \u00a0pridobili ustrezne \u00a0<strong>licence za S.K.I.F. in\u0161truktorja \u00a0in tehni\u010dnega vodje ekipe<\/strong> <strong>za sezono leta 2025\/2026.<\/strong><\/p>\n<p>[\/et_pb_text][et_pb_text _builder_version=&#8221;4.27.4&#8243; _module_preset=&#8221;default&#8221; global_colors_info=&#8221;{}&#8221;]<\/p>\n<h4 style=\"font-weight: 400;\">S.K.I.F. IN\u0160TRUKTORJI ZVEZE Z LICENCO ZA SEZONO 2025\/2026 SO:<\/h4>\n<p>[\/et_pb_text][\/et_pb_column][\/et_pb_row][et_pb_row _builder_version=&#8221;4.23.1&#8243; _module_preset=&#8221;default&#8221; custom_margin=&#8221;-20px||||false|false&#8221; global_colors_info=&#8221;{}&#8221;][et_pb_column type=&#8221;4_4&#8243; _builder_version=&#8221;4.23.1&#8243; _module_preset=&#8221;default&#8221; global_colors_info=&#8221;{}&#8221;][et_pb_text _builder_version=&#8221;4.23.1&#8243; _module_preset=&#8221;default&#8221; global_colors_info=&#8221;{}&#8221;]<\/p>\n<h5 style=\"font-weight: 400;\">A-Mednarodni S.K.I.F. in\u0161truktor \u2013 Shihan \u2013 Glavni in\u0161truktor S.K.I.F.zveze Slovenije in glavni in\u0161truktor kluba \u2013 z nazivom mentor<\/h5>\n<h4><strong>Shihan Ivan \u010cERI\u010c 8. DAN-HANSHI<\/strong><span> <\/span>S.K.I.F. licenca A\u00a0 \u00a0\u00a0\u00a0\u00a0*ZKOS \u2013 Trener mentor z &#8211; Licenco<\/h4>\n<p>[\/et_pb_text][\/et_pb_column][\/et_pb_row][et_pb_row _builder_version=&#8221;4.23.1&#8243; _module_preset=&#8221;default&#8221; global_colors_info=&#8221;{}&#8221;][et_pb_column type=&#8221;4_4&#8243; _builder_version=&#8221;4.23.1&#8243; _module_preset=&#8221;default&#8221; global_colors_info=&#8221;{}&#8221;][et_pb_heading title=&#8221;B-Dr\u017eavni S.K.I.F. in\u0161truktorji \u2013 glavni in\u0161truktorji klubov zveze:  &#8221; _builder_version=&#8221;4.23.1&#8243; _module_preset=&#8221;default&#8221; title_level=&#8221;h4&#8243; global_colors_info=&#8221;{}&#8221;][\/et_pb_heading][\/et_pb_column][\/et_pb_row][et_pb_row _builder_version=&#8221;4.23.1&#8243; _module_preset=&#8221;default&#8221; min_height=&#8221;289px&#8221; custom_margin=&#8221;-30px||-60px||false|false&#8221; custom_padding=&#8221;||||false|false&#8221; global_colors_info=&#8221;{}&#8221;][et_pb_column type=&#8221;4_4&#8243; _builder_version=&#8221;4.17.3&#8243; _module_preset=&#8221;default&#8221; global_colors_info=&#8221;{}&#8221;][et_pb_text _builder_version=&#8221;4.23.1&#8243; _module_preset=&#8221;default&#8221; global_colors_info=&#8221;{}&#8221;]<\/p>\n<table border=\"0\" style=\"height: 192px; width: 81.4467%; border-collapse: collapse; border-style: hidden; float: left;\">\n<tbody>\n<tr style=\"height: 24px;\">\n<td style=\"width: 4.7201%; text-align: left; height: 24px;\">01.<\/td>\n<td style=\"width: 17.8924%; text-align: left; height: 24px;\">\n<div><span lang=\"SL\">Sensei Darjan RO\u0160KER 7. DAN &#8211; Renshi<\/span><\/div>\n<\/td>\n<td style=\"width: 18.6432%; text-align: left; height: 24px;\">Licenca A * ZKOS \u2013 Trener z &#8211; Licenco<\/td>\n<\/tr>\n<tr style=\"text-align: left; height: 24px;\">\n<td style=\"width: 4.7201%; text-align: left; height: 24px;\">02.<\/td>\n<td style=\"width: 17.8924%; text-align: left; height: 24px;\">Sensei Lovrenc KOKALJ \u2013 \u00a06. DAN Renshi<\/td>\n<td style=\"width: 18.6432%; text-align: left; height: 24px;\">Licenca A * ZKOS \u2013 Trener z &#8211; Licenco<\/td>\n<\/tr>\n<tr style=\"text-align: left; height: 24px;\">\n<td style=\"width: 4.7201%; text-align: left; height: 24px;\">03.<\/td>\n<td style=\"width: 17.8924%; text-align: left; height: 24px;\">Ale\u0161 KAVKLER 5. DAN<\/td>\n<td style=\"width: 18.6432%; text-align: left; height: 24px;\">Licenca A * ZKOS \u2013 In\u0161truktor<\/td>\n<\/tr>\n<\/tbody>\n<\/table>\n<p style=\"text-align: left;\">\n<p>[\/et_pb_text][\/et_pb_column][\/et_pb_row][et_pb_row _builder_version=&#8221;4.23.1&#8243; _module_preset=&#8221;default&#8221; global_colors_info=&#8221;{}&#8221;][et_pb_column type=&#8221;4_4&#8243; _builder_version=&#8221;4.23.1&#8243; _module_preset=&#8221;default&#8221; global_colors_info=&#8221;{}&#8221;][et_pb_heading title=&#8221;C-Dr\u017eavni S.K.I.F. in\u0161truktorji po klubih zveze&#8221; _builder_version=&#8221;4.23.1&#8243; _module_preset=&#8221;default&#8221; title_level=&#8221;h4&#8243; global_colors_info=&#8221;{}&#8221;][\/et_pb_heading][\/et_pb_column][\/et_pb_row][et_pb_row _builder_version=&#8221;4.23.1&#8243; _module_preset=&#8221;default&#8221; global_colors_info=&#8221;{}&#8221;][et_pb_column type=&#8221;4_4&#8243; _builder_version=&#8221;4.17.3&#8243; _module_preset=&#8221;default&#8221; global_colors_info=&#8221;{}&#8221;][et_pb_text _builder_version=&#8221;4.27.4&#8243; _module_preset=&#8221;default&#8221; global_colors_info=&#8221;{}&#8221;]<\/p>\n<table border=\"0\" style=\"height: 726px; width: 81.7243%; border-collapse: collapse; border-style: hidden; float: left;\">\n<tbody>\n<tr style=\"height: 24px;\">\n<td style=\"width: 124.227px; text-align: left; height: 24px;\">01.<\/td>\n<td style=\"width: 371.398px; text-align: left; height: 24px;\">Mladen VRTARI\u010c 6. DAN<\/td>\n<td style=\"width: 386.992px; text-align: left; height: 24px;\">Licenca B * ZKOS \u2013 trener z licenco<\/td>\n<\/tr>\n<tr style=\"text-align: left; height: 24px;\">\n<td style=\"width: 124.227px; text-align: left; height: 24px;\">02.<\/td>\n<td style=\"width: 371.398px; text-align: left; height: 24px;\">Jelka RO\u0160KER-TRAJBAR 4. DAN<\/td>\n<td style=\"width: 386.992px; text-align: left; height: 24px;\">Licenca B * ZKOS \u2013 in\u0161truktor z licenco<\/td>\n<\/tr>\n<tr style=\"text-align: left; height: 24px;\">\n<td style=\"width: 124.227px; text-align: left; height: 24px;\">03.<\/td>\n<td style=\"width: 371.398px; text-align: left; height: 24px;\">Marko BUNDERLA 3. DAN<\/td>\n<td style=\"width: 386.992px; text-align: left; height: 24px;\">Licenca B ** ZKOS \u2013 in\u0161truktor<\/td>\n<\/tr>\n<tr style=\"text-align: left; height: 24px;\">\n<td style=\"width: 124.227px; text-align: left; height: 24px;\">04.<\/td>\n<td style=\"width: 371.398px; text-align: left; height: 24px;\">Sa\u0161o\u00a0 TONEJC 4. DAN<\/td>\n<td style=\"width: 386.992px; text-align: left; height: 24px;\">Licenca B * ZKOS &#8211;\u00a0 in\u0161truktor<\/td>\n<\/tr>\n<tr style=\"text-align: left; height: 48px;\">\n<td style=\"width: 124.227px; text-align: left; height: 48px;\">05.<\/td>\n<td style=\"width: 371.398px; text-align: left; height: 48px;\">Bla\u017e ROBI\u010c 3. DAN<\/td>\n<td style=\"width: 386.992px; text-align: left; height: 48px;\">Licenca B * ZKOS \u2013 in\u0161truktor z licenco<\/td>\n<\/tr>\n<tr style=\"text-align: left; height: 24px;\">\n<td style=\"width: 124.227px; text-align: left; height: 24px;\">06.<\/td>\n<td style=\"width: 371.398px; text-align: left; height: 24px;\">Timotej\u00a0 KOLE\u017dNIK 2. DAN<\/td>\n<td style=\"width: 386.992px; text-align: left; height: 24px;\">Licenca B * ZKOS \u2013 In\u0161truktor z licenco<\/td>\n<\/tr>\n<tr style=\"text-align: left; height: 24px;\">\n<td style=\"width: 124.227px; text-align: left; height: 24px;\">07.<\/td>\n<td style=\"width: 371.398px; text-align: left; height: 24px;\">Clarissa ROBI\u010c 3. DAN<\/td>\n<td style=\"width: 386.992px; text-align: left; height: 24px;\">Licenca B * ZKOS \u2013 In\u0161truktor z licenco<\/td>\n<\/tr>\n<tr style=\"height: 18px;\">\n<td style=\"width: 124.227px; text-align: left; height: 18px;\">08.<\/td>\n<td style=\"width: 371.398px; text-align: left; height: 18px;\">David LIPOV\u0160EK 2. DAN<\/td>\n<td style=\"width: 386.992px; text-align: left; height: 18px;\">Licenca B<\/td>\n<\/tr>\n<tr style=\"height: 24px;\">\n<td style=\"width: 124.227px; text-align: left; height: 24px;\">09.<\/td>\n<td style=\"width: 371.398px; text-align: left; height: 24px;\">Bo\u0161tjan GRAH 2. DAN<\/td>\n<td style=\"width: 386.992px; text-align: left; height: 24px;\">Licenca B<\/td>\n<\/tr>\n<tr style=\"height: 15px;\">\n<td style=\"width: 124.227px; text-align: left; height: 16px;\">10.<\/td>\n<td style=\"width: 371.398px; text-align: left; height: 16px;\">Zdenko MIKLAVC 5.DAN<\/td>\n<td style=\"width: 386.992px; text-align: left; height: 16px;\">Licenca C**<\/td>\n<\/tr>\n<tr style=\"height: 24px;\">\n<td style=\"width: 124.227px; text-align: left; height: 24px;\">11.<\/td>\n<td style=\"width: 371.398px; text-align: left; height: 24px;\">Mateja BREZNIK 5. DAN<\/td>\n<td style=\"width: 386.992px; text-align: left; height: 24px;\">Licenca C<\/td>\n<\/tr>\n<tr style=\"height: 24px;\">\n<td style=\"width: 124.227px; text-align: left; height: 24px;\">12.<\/td>\n<td style=\"width: 371.398px; text-align: left; height: 24px;\">Polonca H\u00dcLL 3. DAN<\/td>\n<td style=\"width: 386.992px; text-align: left; height: 24px;\">Licenca C **<\/td>\n<\/tr>\n<tr style=\"height: 24px;\">\n<td style=\"width: 124.227px; text-align: left; height: 24px;\">13.<\/td>\n<td style=\"width: 371.398px; text-align: left; height: 24px;\">Igor ZIDARI\u010c 3. DAN<\/td>\n<td style=\"width: 386.992px; text-align: left; height: 24px;\">Licenca C **<\/td>\n<\/tr>\n<tr style=\"height: 24px;\">\n<td style=\"width: 124.227px; text-align: left; height: 24px;\">14.<\/td>\n<td style=\"width: 371.398px; text-align: left; height: 24px;\">Miroslav MARTINUZZI 3. DAN<\/td>\n<td style=\"width: 386.992px; text-align: left; height: 24px;\">Licenca C\u00a0 &#8211; ZKOS trener<\/td>\n<\/tr>\n<tr style=\"height: 24px;\">\n<td style=\"width: 124.227px; text-align: left; height: 24px;\">15.<\/td>\n<td style=\"width: 371.398px; text-align: left; height: 24px;\">Renej FUJS 1. DAN<\/td>\n<td style=\"width: 386.992px; text-align: left; height: 24px;\">Licenca E<\/td>\n<\/tr>\n<tr style=\"height: 24px;\">\n<td style=\"width: 124.227px; text-align: left; height: 24px;\">16.<\/td>\n<td style=\"width: 371.398px; text-align: left; height: 24px;\">Arpad DOLGO\u0160 1. DAN<\/td>\n<td style=\"width: 386.992px; text-align: left; height: 24px;\">Licenca E **<\/td>\n<\/tr>\n<tr style=\"height: 24px;\">\n<td style=\"width: 124.227px; text-align: left; height: 24px;\">17.<\/td>\n<td style=\"width: 371.398px; text-align: left; height: 24px;\">Branka STRAUSS 1. DAN<\/td>\n<td style=\"width: 386.992px; text-align: left; height: 24px;\">Licenca E- pripravnik &#8211; Kuzma 15.11.2025<\/td>\n<\/tr>\n<tr style=\"height: 24px;\">\n<td style=\"width: 124.227px; text-align: left; height: 24px;\">18.<\/td>\n<td style=\"width: 371.398px; text-align: left; height: 24px;\">Bla\u017e DRAGAR 1. DAN\u00a0<\/td>\n<td style=\"width: 386.992px; text-align: left; height: 24px;\">Licenca E &#8211; pripravnik &#8211; Kuzma 15.11.2025<\/td>\n<\/tr>\n<tr style=\"height: 24px;\">\n<td style=\"width: 124.227px; text-align: left; height: 24px;\">19.<\/td>\n<td style=\"width: 371.398px; text-align: left; height: 24px;\">Jakob \u0160ERNEK 1. DAN<\/td>\n<td style=\"width: 386.992px; text-align: left; height: 24px;\">Licenca E &#8211; pripravnik &#8211; Kuzma 15.11.2025<\/td>\n<\/tr>\n<tr style=\"height: 24px;\">\n<td style=\"width: 124.227px; text-align: left; height: 24px;\">20.<\/td>\n<td style=\"width: 371.398px; text-align: left; height: 24px;\">Lovro KALUDER 1. DAN<\/td>\n<td style=\"width: 386.992px; text-align: left; height: 24px;\">Licenca E &#8211; pripravnik &#8211; Kuzma 15.11.2025<\/td>\n<\/tr>\n<tr style=\"height: 24px;\">\n<td style=\"width: 124.227px; text-align: left; height: 24px;\">21.<\/td>\n<td style=\"width: 371.398px; text-align: left; height: 24px;\">Gaja M.T. STRAUSS 1.DAN<\/td>\n<td style=\"width: 386.992px; text-align: left; height: 24px;\">Licenca E &#8211; pripravnik &#8211; Kuzma 15.11.2025<\/td>\n<\/tr>\n<\/tbody>\n<\/table>\n<p style=\"text-align: left;\">[\/et_pb_text][\/et_pb_column][\/et_pb_row][et_pb_row _builder_version=&#8221;4.23.1&#8243; _module_preset=&#8221;default&#8221; global_colors_info=&#8221;{}&#8221;][et_pb_column type=&#8221;4_4&#8243; _builder_version=&#8221;4.23.1&#8243; _module_preset=&#8221;default&#8221; global_colors_info=&#8221;{}&#8221;][et_pb_heading title=&#8221;D &#8211; TEHNI\u010cNI VODJE EKIP po klubih zveze: Licence C &#8211; pripravnik so opravili v Kuzmi 15.11.2025&#8243; _builder_version=&#8221;4.27.4&#8243; _module_preset=&#8221;default&#8221; title_level=&#8221;h4&#8243; global_colors_info=&#8221;{}&#8221;][\/et_pb_heading][\/et_pb_column][\/et_pb_row][et_pb_row _builder_version=&#8221;4.23.1&#8243; _module_preset=&#8221;default&#8221; global_colors_info=&#8221;{}&#8221;][et_pb_column type=&#8221;4_4&#8243; _builder_version=&#8221;4.17.3&#8243; _module_preset=&#8221;default&#8221; global_colors_info=&#8221;{}&#8221;][et_pb_text _builder_version=&#8221;4.27.4&#8243; _module_preset=&#8221;default&#8221; global_colors_info=&#8221;{}&#8221;]<\/p>\n<table border=\"0\" style=\"height: 514px; width: 81.7243%; border-collapse: collapse; border-style: hidden; float: left;\">\n<tbody>\n<tr style=\"height: 24px;\">\n<td style=\"width: 124.227px; text-align: left; height: 24px;\">01.<\/td>\n<td style=\"width: 371.398px; text-align: left; height: 24px;\">Aleksandra VER\u0160OVNIK 3.KYU<\/td>\n<td style=\"width: 386.992px; text-align: left; height: 24px;\"><\/td>\n<\/tr>\n<tr style=\"text-align: left; height: 24px;\">\n<td style=\"width: 124.227px; text-align: left; height: 24px;\">02.<\/td>\n<td style=\"width: 371.398px; text-align: left; height: 24px;\">Jan PALKO 1.KYU<\/td>\n<td style=\"width: 386.992px; text-align: left; height: 24px;\"><\/td>\n<\/tr>\n<tr style=\"text-align: left; height: 24px;\">\n<td style=\"width: 124.227px; text-align: left; height: 24px;\">03.<\/td>\n<td style=\"width: 371.398px; text-align: left; height: 24px;\">Tasja KRAJNC 1.KYU<\/td>\n<td style=\"width: 386.992px; text-align: left; height: 24px;\"><\/td>\n<\/tr>\n<tr style=\"text-align: left; height: 24px;\">\n<td style=\"width: 124.227px; text-align: left; height: 24px;\">04.<\/td>\n<td style=\"width: 371.398px; text-align: left; height: 24px;\">Tanja JUHART 6.KYU<\/td>\n<td style=\"width: 386.992px; text-align: left; height: 24px;\"><\/td>\n<\/tr>\n<tr style=\"text-align: left; height: 24px;\">\n<td style=\"width: 124.227px; text-align: left; height: 24px;\">05.<\/td>\n<td style=\"width: 371.398px; text-align: left; height: 24px;\">Iztok HRAST 5.KYU<\/td>\n<td style=\"width: 386.992px; text-align: left; height: 24px;\"><\/td>\n<\/tr>\n<tr style=\"text-align: left; height: 24px;\">\n<td style=\"width: 124.227px; text-align: left; height: 24px;\">07.<\/td>\n<td style=\"width: 371.398px; text-align: left; height: 24px;\">Vinko \u010cRE\u0160NAR 7.KYU<\/td>\n<td style=\"width: 386.992px; text-align: left; height: 24px;\"><\/td>\n<\/tr>\n<tr style=\"height: 18px;\">\n<td style=\"width: 124.227px; text-align: left; height: 18px;\">08.<\/td>\n<td style=\"width: 371.398px; text-align: left; height: 18px;\">Denis \u0160ERUGA 5.KYU<\/td>\n<td style=\"width: 386.992px; text-align: left; height: 18px;\"><\/td>\n<\/tr>\n<\/tbody>\n<\/table>\n<p style=\"text-align: left;\">[\/et_pb_text][\/et_pb_column][\/et_pb_row][et_pb_row _builder_version=&#8221;4.23.1&#8243; _module_preset=&#8221;default&#8221; global_colors_info=&#8221;{}&#8221;][et_pb_column type=&#8221;4_4&#8243; _builder_version=&#8221;4.23.1&#8243; _module_preset=&#8221;default&#8221; global_colors_info=&#8221;{}&#8221;][et_pb_text _builder_version=&#8221;4.27.4&#8243; _module_preset=&#8221;default&#8221; global_colors_info=&#8221;{}&#8221;]<\/p>\n<p><strong>Posamezni, kandidati, ki so na licen\u010dni listi v letu 2025 niso bili \u00a0dovolj aktivni v skladu s pravilniki, zato imajo v opomin ( ** ) in pogoj za aktivnost v prihodnje, kljub temu pa imajo licenco SKIF in\u0161truktorja\u00a0 za sezono leta 2025\/2026. Vsi licencirani SKIF in\u0161truktorji so lahko poleg strokovnega dela v klubu \u00a0tudi uradne vodje ekipe kluba v kolikor niso aktivni v vlogi sodnika na tekmovanju. \u00a0\u00a0Neaktivni in\u0161truktorji niso na seznamu zato nimajo licence v sezoni leta 2025\/2026, ker nimajo licence ne smejo uradno opravljati vloge in\u0161truktorja v klubu\u00a0 \u00a0in vodje ekipe na tekmovanju (glej\u00a0 zakon o dru\u0161tvih), lahko pa se ponovno aktivno vklju\u010dijo v redni program zveze v leto 2026 in si tako pridobijo licenco za naslednjo\u00a0 sezono. <\/strong><\/p>\n<p><strong>\u00a0<\/strong><\/p>\n<p>Vsi licencirani tehni\u010dne vodje ekip lahko na tekmovanju uradno vodijo svojo ekipo kluba v kolikor so uradno napisani na prijavnici kluba neglede nato \u010de so hkrati tudi tekmovalci. Kadar so v uradni vlogi vodje ekipe morajo imeti preko kimona oble\u010deno zgornji del klubske trenerke zaradi prepoznavnosti (glej tekmovalni pravilnik).<\/p>\n<p><strong>LEGENDA:<\/strong>\u00a0 ( **) opomin za neaktivnost \u00a0&#8211; neaktivno treniranje v klubu,\u00a0 neaktivna udele\u017eba pri programih SKIF zveze Slovenije in \u00a0na strokovnih SKIF seminarjih doma in tujini.<\/p>\n<p><strong>\u00a0<\/strong><strong>V Kuzmi dne 15.11.2025 smo dodatno evidentirali 5. SKIF in\u0161truktorjev \u00a0\u00a0z Licenco E \u2013 pripravnik, ter 7 licenciranih\u00a0 tehni\u010dnih\u00a0 vodij ekipe \u00a0kluba z Licenco C \u2013 pripravnik\u00a0 kateri bodo v prihodnje svojo vlogo izvajali \u00a0na vseh uradnih tekmovanji SKIF zveze Slovenije v sezoni leta 2025\/2026.\u00a0\u00a0\u00a0\u00a0\u00a0\u00a0\u00a0\u00a0\u00a0\u00a0\u00a0\u00a0 <\/strong><\/p>\n<p>&nbsp;<\/p>\n<p><strong>OPOMBA:<\/strong><\/p>\n<p>1. Ostali in\u0161truktorji v letu 2025 niso bili aktivni v programih izobra\u017eevanj strokovnih kadrov zveze, s tem tudi niso na seznamu licenciranih za sezono leta 2025\/2026. <strong>Aktivno vlogo in\u0161truktorja v klubu v skladu z zakonom \u0161porta pa lahko<\/strong> <strong>odgovorno opravljajo samo kadri z licenco zveze za sezono leta 2025\/2026.<\/strong><\/p>\n<p>&nbsp;<\/p>\n<p>2. V skladu z zapisnikom vsi licencirani SKIF in\u0161truktorji in tehni\u010dni vodje ekip \u00a0poravnajo takso za licenco v zvezi po pravilniku in prejetem ra\u010dunu. Po pla\u010dilu takse-licence v S.K.I.F. izkaznico prejmejo znamko potrditve licence za sezono leta 2025\/2026. <strong>Licenca se po prejetem ra\u010dunu poravna na TRR\u00a0 SKIF zveze Slovenije \u00a0najkasneje do 29.12.2025.<\/strong><\/p>\n<p>&nbsp;<\/p>\n<p>3.<strong>V sezoni leta 2025\/2026 je \u00a0licenciranih:<\/strong> 1 mednarodni in\u0161truktor, 3 glavnih in\u0161truktorjev klubov, 21 ostalih SKIF in\u0161truktorjev \u00a0po klubih in \u00a07 Tehni\u010dnih vodij ekip.\u2013 <strong>skupaj\u00a0 ima SKIF zveza Slovenije \u00a032 strokovno usposobljenih kadrov z\u00a0 licenco sezone leta 2025\/2026.<\/strong> Prav tako \u00a0imamo v sezono\u00a0 leta 2025\/2026 v okviru ZKOS opravljene posebne strokovne licence in vpis v register strokovnih kadrov pri OKS \u2013 naslednji: 1 trener mentor, 3 trenerji in 4 in\u0161truktorjev \u2013 <strong>skupaj je \u00a08 licenciranih strokovnih delavcev v okviru ZKOS.<\/strong><\/p>\n<p>Vsem strokovno usposobljenim kadrom \u010destitamo za uspe\u0161no opravljene licence!<\/p>\n<p>[\/et_pb_text][\/et_pb_column][\/et_pb_row][\/et_pb_section][et_pb_section fb_built=&#8221;1&#8243; _builder_version=&#8221;4.23.1&#8243; _module_preset=&#8221;default&#8221; global_colors_info=&#8221;{}&#8221;][et_pb_row _builder_version=&#8221;4.23.1&#8243; _module_preset=&#8221;default&#8221; global_colors_info=&#8221;{}&#8221;][et_pb_column type=&#8221;4_4&#8243; _builder_version=&#8221;4.23.1&#8243; _module_preset=&#8221;default&#8221; global_colors_info=&#8221;{}&#8221;][et_pb_button button_url=&#8221;http:\/\/skif-slo.org\/new\/wp-content\/uploads\/2026\/01\/SKIF-Licence-za-INSTRUKTORJE-in-Teh.-vodje-v-letu-2025-2026.-.doc&#8221; button_text=&#8221;Word dokument&#8221; _builder_version=&#8221;4.27.4&#8243; _module_preset=&#8221;default&#8221; hover_enabled=&#8221;0&#8243; global_colors_info=&#8221;{}&#8221; sticky_enabled=&#8221;0&#8243;][\/et_pb_button][\/et_pb_column][\/et_pb_row][\/et_pb_section]<\/p>\n","protected":false},"excerpt":{"rendered":"<p>Na osnovi\u00a0 programa izobra\u017eevanj strokovnih kadrov SKIF zveze Slovenije za leto 2025 smo \u00a0dne 06.12. 2025 na 32. SKIF\u00a0 pokalu Kuzma 2025, zaklju\u010dili z prakti\u010dnimi izpiti za licence SKIF in\u0161truktor in tehni\u010dni \u00a0vodja ekipe kluba. Glede na celotno aktivnost in\u0161truktorjev po vseh klubih zveze in \u00a0potrebe po \u00a0tehni\u010dnih vodij ekip klubov smo v letu 2025 [&hellip;]<\/p>\n","protected":false},"author":1,"featured_media":0,"parent":0,"menu_order":0,"comment_status":"closed","ping_status":"closed","template":"","meta":{"_et_pb_use_builder":"on","_et_pb_old_content":"","_et_gb_content_width":"","footnotes":""},"class_list":["post-1445","page","type-page","status-publish","hentry"],"_links":{"self":[{"href":"https:\/\/skif-slo.org\/new\/wp-json\/wp\/v2\/pages\/1445","targetHints":{"allow":["GET"]}}],"collection":[{"href":"https:\/\/skif-slo.org\/new\/wp-json\/wp\/v2\/pages"}],"about":[{"href":"https:\/\/skif-slo.org\/new\/wp-json\/wp\/v2\/types\/page"}],"author":[{"embeddable":true,"href":"https:\/\/skif-slo.org\/new\/wp-json\/wp\/v2\/users\/1"}],"replies":[{"embeddable":true,"href":"https:\/\/skif-slo.org\/new\/wp-json\/wp\/v2\/comments?post=1445"}],"version-history":[{"count":8,"href":"https:\/\/skif-slo.org\/new\/wp-json\/wp\/v2\/pages\/1445\/revisions"}],"predecessor-version":[{"id":3036,"href":"https:\/\/skif-slo.org\/new\/wp-json\/wp\/v2\/pages\/1445\/revisions\/3036"}],"wp:attachment":[{"href":"https:\/\/skif-slo.org\/new\/wp-json\/wp\/v2\/media?parent=1445"}],"curies":[{"name":"wp","href":"https:\/\/api.w.org\/{rel}","templated":true}]}}